{"id":117,"date":"2011-12-19T23:48:13","date_gmt":"2011-12-19T23:48:13","guid":{"rendered":"http:\/\/www.bkl974.re\/moto974\/?page_id=117"},"modified":"2013-09-03T22:41:04","modified_gmt":"2013-09-03T18:41:04","slug":"mes-autres-sites","status":"publish","type":"page","link":"http:\/\/www.bkl974.re\/moto974\/?page_id=117","title":{"rendered":"Mes autres sites"},"content":{"rendered":"<p><em><span style=\"font-size: small;\">Mon blog d\u00e9di\u00e9 en grande partie au jardin\u00a0<a href=\"http:\/\/974-reunion.com\/\">http:\/\/974-reunion.com\/<\/a><\/span><\/em><a href=\"http:\/\/974-reunion.com\" target=\"_blank\"><img loading=\"lazy\" decoding=\"async\" class=\"  alignnone\" alt=\"\" src=\"http:\/\/974-reunion.com\/blog\/wp-content\/uploads\/2010\/07\/cropped-baniere.jpg\" width=\"640\" height=\"129\" \/><\/a><\/p>\n<p><em><span style=\"font-size: small;\">Mon nouveau blog d\u00e9di\u00e9 \u00e0 la photo:\u00a0<a href=\"http:\/\/bkl974.com\/974photos\/\" target=\"_blank\">http:\/\/bkl974.com\/974photos\/<\/a><br \/>\n<a href=\"http:\/\/bkl974.com\/974photos\/\"><img loading=\"lazy\" decoding=\"async\" class=\"alignnone\" alt=\"\" src=\"http:\/\/bkl974.com\/974photos\/wp-content\/uploads\/2012\/12\/cropped-IMG_0055.jpg\" width=\"640\" height=\"139\" \/><\/a><\/span><\/em><\/p>\n<p>Et ma\u00a0<a href=\"http:\/\/www.youtube.com\/user\/bklteam\" target=\"_blank\">Ma cha\u00eene Youtube<\/a><\/p>\n","protected":false},"excerpt":{"rendered":"<p>Mon blog d\u00e9di\u00e9 en grande partie au jardin\u00a0http:\/\/974-reunion.com\/ Mon nouveau blog d\u00e9di\u00e9 \u00e0 la photo:\u00a0http:\/\/bkl974.com\/974photos\/ Et ma\u00a0Ma cha\u00eene Youtube<\/p>\n","protected":false},"author":3,"featured_media":0,"parent":0,"menu_order":10,"comment_status":"open","ping_status":"open","template":"","meta":{"footnotes":""},"class_list":["post-117","page","type-page","status-publish","hentry"],"_links":{"self":[{"href":"http:\/\/www.bkl974.re\/moto974\/index.php?rest_route=\/wp\/v2\/pages\/117","targetHints":{"allow":["GET"]}}],"collection":[{"href":"http:\/\/www.bkl974.re\/moto974\/index.php?rest_route=\/wp\/v2\/pages"}],"about":[{"href":"http:\/\/www.bkl974.re\/moto974\/index.php?rest_route=\/wp\/v2\/types\/page"}],"author":[{"embeddable":true,"href":"http:\/\/www.bkl974.re\/moto974\/index.php?rest_route=\/wp\/v2\/users\/3"}],"replies":[{"embeddable":true,"href":"http:\/\/www.bkl974.re\/moto974\/index.php?rest_route=%2Fwp%2Fv2%2Fcomments&post=117"}],"version-history":[{"count":13,"href":"http:\/\/www.bkl974.re\/moto974\/index.php?rest_route=\/wp\/v2\/pages\/117\/revisions"}],"predecessor-version":[{"id":321,"href":"http:\/\/www.bkl974.re\/moto974\/index.php?rest_route=\/wp\/v2\/pages\/117\/revisions\/321"}],"wp:attachment":[{"href":"http:\/\/www.bkl974.re\/moto974\/index.php?rest_route=%2Fwp%2Fv2%2Fmedia&parent=117"}],"curies":[{"name":"wp","href":"https:\/\/api.w.org\/{rel}","templated":true}]}}